{"id":1190,"date":"2017-05-16T07:48:31","date_gmt":"2017-05-16T07:48:31","guid":{"rendered":"http:\/\/49themes.com\/demos\/psycholoxlst\/?page_id=145"},"modified":"2023-12-05T10:42:44","modified_gmt":"2023-12-05T08:42:44","slug":"servicii","status":"publish","type":"page","link":"https:\/\/psihoexpert.ro\/index.php\/servicii\/","title":{"rendered":"Servicii"},"content":{"rendered":"<p>[vc_row content_placement=&#8221;top&#8221; css=&#8221;.vc_custom_1696446811576{margin-top: 100px !important;}&#8221;][vc_column width=&#8221;1\/3&#8243;][vc_column_text]<\/p>\n<div class=\"contentTitle normall\">\n<div>\n<h2 class=\"h2 as\">\u00centotdeauna exist\u0103 <span lang=\"RO\">o solu\u021bie<\/span><\/h2>\n<\/div>\n<p>Speciali\u0219tii no\u0219tri sunt aici pentru tine at\u00e2t offline, \u00een cabinet, c\u00e2t \u0219i online.<\/p><\/div>\n<p>&nbsp;<\/p>\n<div class=\"contentTitle normall\">\n<h3><\/h3>\n<\/div>\n<p>[\/vc_column_text][vc_single_image image=&#8221;158&#8243; img_size=&#8221;500&#215;200&#8243;][\/vc_column][vc_column width=&#8221;1\/3&#8243;][vc_column_text]<\/p>\n<h5>Metode psihoterapeutice bazate pe dovezi<\/h5>\n<p>&nbsp;<\/p>\n<p style=\"font-weight: 400;\">Psihoterapia cognitiv-comportamental\u0103 \u0219i terapia schemelor sunt tratamente psihologice a c\u0103ror eficien\u021b\u0103 a fost dovedit\u0103 prin studii clinice riguroase.<\/p>\n<p>&nbsp;<\/p>\n<h5><\/h5>\n<h5>Pasiune \u0219i dedicare<\/h5>\n<p>&nbsp;<\/p>\n<p style=\"font-weight: 400;\">Pasiunea pentru meseria mea \u0219i pentru oameni se traduce \u00een aten\u021bie, interes, empatie, rigurozitate \u0219i implicare \u00een problemele cu care te confrun\u021bi, \u00een obiectivele pe care le ai, \u00een nevoile unice cu care vii \u00een cabinet.<\/p>\n<p>[\/vc_column_text][\/vc_column][vc_column width=&#8221;1\/3&#8243;][vc_column_text]<\/p>\n<h5>\u00cencredere \u00een TINE<\/h5>\n<p>&nbsp;<\/p>\n<p style=\"font-weight: 400;\">Cred \u00een resursele \u0219i \u00een poten\u021bialul t\u0103u de schimbare \u0219i evolu\u021bie. Tu e\u0219ti expertul \u00een problemele cu care te confrun\u021bi, a\u0219adar am toat\u0103 \u00eencrederea \u00een tine, precum \u0219i \u00een resursele tale, \u00een puterea de a dep\u0103\u0219i obstacole \u0219i dificult\u0103\u021bi, de a cre\u0219te, de a evolua, de a descoperi fiin\u021ba minunat\u0103 ascuns\u0103 \u00een interiorul t\u0103u. Cred \u00een tine \u0219i \u00een poten\u021bialul t\u0103u, chiar dac\u0103 \u00een acest moment, tu nu \u00eel vezi!<\/p>\n<p>[\/vc_column_text][\/vc_column][vc_column][\/vc_column][\/vc_row][vc_row full_width=&#8221;stretch_row&#8221; content_placement=&#8221;middle&#8221; css=&#8221;.vc_custom_1698323975871{margin-top: 60px !important;padding-top: 50px !important;background-color: #5d9589 !important;border-radius: 35px !important;}&#8221;][vc_column width=&#8221;1\/2&#8243;][vc_column_text css=&#8221;.vc_custom_1698324006471{padding-top: 30px !important;padding-bottom: 30px !important;}&#8221;]<\/p>\n<div class=\"col-xs-12 col-sm-12 \">\n<div class=\"appoinContent\">\n<div class=\"simple-article light\">\n<h1>SERVICII<\/h1>\n<p style=\"font-weight: 400; text-align: justify;\">\u00cen cabinetul fizic sau \u00een clinica virtual\u0103 pute\u021bi beneficia de urm\u0103toarele servicii:<\/p>\n<\/div>\n<p>&nbsp;<\/p><\/div>\n<\/div>\n<p>[\/vc_column_text][vc_single_image image=&#8221;1461&#8243; img_size=&#8221;700&#215;200&#8243;][\/vc_column][vc_column width=&#8221;1\/2&#8243;][vc_column_text]<\/p>\n<div class=\"simple-article light\">\n<h3 style=\"text-align: center;\">Adul\u021bi<\/h3>\n<ul>\n<li>Evaluare psihologic\u0103 clinic\u0103 (profil cognitiv, profil de personalitate, profil afectiv, screening pentru s\u0103n\u0103tate mintal\u0103 etc)<\/li>\n<li>Psihoterapie cognitiv-comportamental\u0103; Psihoterapia schemelor (schema therapy)<\/li>\n<li>Psihoterapie \u00een context medical (pentru diverse diagnostice somatice acute sau cronice)<\/li>\n<li>Consiliere psihologic\u0103 \u0219i psihoeduca\u021bie pe perioada sarcinii<\/li>\n<li>Optimizare \u0219i dezvoltare personal\u0103, managementul stresului, managementul furiei, \u00eembun\u0103t\u0103\u021birea abilit\u0103\u021bilor emo\u021bionale<\/li>\n<li>Expertiz\u0103 psihologic\u0103 clinic\u0103 judiciar\u0103\/extrajudiciar\u0103<\/li>\n<\/ul>\n<p>&nbsp;<\/p><\/div>\n<p>[\/vc_column_text][\/vc_column][\/vc_row][vc_row full_width=&#8221;stretch_row&#8221; css=&#8221;.vc_custom_1698323944284{padding-top: 50px !important;padding-bottom: 50px !important;background-color: #5d9589 !important;border-radius: 35px !important;}&#8221;][vc_column width=&#8221;1\/2&#8243;][vc_column_text]<\/p>\n<div class=\"simple-article light\">\n<h3 style=\"text-align: center;\">Familii<\/h3>\n<ul>\n<li>Psihoterapie de cuplu \u0219i familie<\/li>\n<li>Consiliere parental\u0103<\/li>\n<li>Consiliere \u0219i psihoeduca\u021bie pentru familii cu copii cu v\u00e2rsta cuprins\u0103 \u00eentre 0-3 ani<\/li>\n<\/ul>\n<\/div>\n<h3><\/h3>\n<p>&nbsp;<\/p>\n<div class=\"simple-article light\">\n<h3 style=\"text-align: center;\">Seniori<\/h3>\n<ul>\n<li>Evaluare psihologic\u0103 clinic\u0103 (func\u021bionare neuro-cognitiv\u0103, afectiv\u0103 etc)<\/li>\n<li>Eliberare raport pentru Comisia de \u00eencadrare \u00een grad de handicap<\/li>\n<li><span style=\"font-size: 1rem;\">Psihoterapie \u00een context medical<\/span><\/li>\n<\/ul>\n<p>&nbsp;<\/p><\/div>\n<p>[\/vc_column_text][\/vc_column][vc_column width=&#8221;1\/2&#8243;][vc_column_text]<\/p>\n<div class=\"simple-article light\">\n<h3 style=\"text-align: center;\">Adolescen\u021bi \u0219i copii<\/h3>\n<ul>\n<li>Evaluare psihologic\u0103 clinic\u0103 (evaluarea neuro-dezvolt\u0103rii, screening tulbur\u0103ri psihiatrice etc)<\/li>\n<li>Psihoterapie cognitiv-comportamental\u0103<\/li>\n<li>Dezvoltare personal\u0103<\/li>\n<\/ul>\n<p>&nbsp;<\/p>\n<h3><\/h3>\n<h3 style=\"text-align: center;\">Speciali\u0219ti<\/h3>\n<ul>\n<li>Supervizare \u00een psihologie clinic\u0103<\/li>\n<li>Grupuri de intervizare profesional\u0103 online sau \u00een cabinet<\/li>\n<\/ul>\n<p style=\"font-weight: 400; text-align: justify;\"><\/div>\n<p>[\/vc_column_text][\/vc_column][\/vc_row][vc_row full_width=&#8221;stretch_row&#8221; css=&#8221;.vc_custom_1700071232949{margin-bottom: 60px !important;padding-bottom: 50px !important;background-color: #5d9589 !important;border-radius: 35px !important;}&#8221;][vc_column][vc_column_text]<\/p>\n<div class=\"simple-article light\">\n<p style=\"text-align: justify;\">*unele servicii pot fi oferite exclusiv \u00een cabinetul fizic. Pentru \u00eentreb\u0103ri \u0219i informa\u021bii suplimentare ne pute\u021bi scrie la adresa programari@psihoexpert.ro<\/p>\n<\/div>\n<p>[\/vc_column_text][\/vc_column][\/vc_row][vc_row full_width=&#8221;stretch_row_content&#8221; content_placement=&#8221;middle&#8221; css=&#8221;.vc_custom_1700071268271{margin-bottom: 0px !important;padding-bottom: 40px !important;padding-left: 80px !important;background-color: #5d9589 !important;}&#8221;][vc_column width=&#8221;2\/3&#8243;][vc_column_text css=&#8221;.vc_custom_1696507694688{padding-top: 30px !important;padding-bottom: 30px !important;}&#8221;]<\/p>\n<div class=\"col-xs-12 col-sm-12 \">\n<div class=\"appoinContent\">\n<div class=\"simple-article light\">\n<p style=\"font-weight: 400;\">\u00cen func\u021bie de nevoile tale specifice, suntem disponibili at\u00e2t \u00een cabinet, c\u00e2t \u0219i online.<\/p>\n<\/div>\n<\/div>\n<\/div>\n<p>[\/vc_column_text][\/vc_column][vc_column width=&#8221;1\/3&#8243;][vc_column_text]<\/p>\n<div class=\"col-xs-12 col-sm-8 col-md-9\">\n<div class=\"appoinContent\">\n<div class=\"simple-article light\"><\/div>\n<\/div>\n<div class=\"emptySpace-xs30\"><a class=\"button btnStyle3\" style=\"font-size: 1rem;\" href=\"\/index.php\/contact\/\"><span lang=\"RO\"><span lang=\"RO\">Discut\u0103 cu un psihoterapeut<\/span><\/span><\/a><\/div>\n<\/div>\n<p>[\/vc_column_text][\/vc_column][\/vc_row][vc_row css=&#8221;.vc_custom_1696449462015{margin-top: 60px !important;}&#8221;][vc_column][vc_column_text]<\/p>\n<h2 style=\"text-align: center;\">Instrumente de evluare clinic\u0103 pe care le folosim pentru a conceptualiza corect problemele pacien\u021bilor no\u0219tri<\/h2>\n<p>&nbsp;<\/p>\n<p>Instrumentele psihologice aflate \u00een dotarea cabinetului sunt scale \u0219i teste cu licen\u021b\u0103 \u0219i respect\u0103 normele metodologice cerute de Colegiul Psihologilor din Rom\u00e2nia. Instrumentele psihologice cu licen\u021b\u0103 reprezint\u0103 garan\u021bia calit\u0103\u021bii unui psihodiagnostic corect, validat \u0219tiin\u021bific, premiz\u0103 esen\u021bial\u0103 \u00een evaluarea dificult\u0103\u021bilor psihologice ale pacientului \u0219i \u00een vederea elabor\u0103rii planului de terapie.<\/p>\n<p>V\u0103 prezent\u0103m \u00een continuare instrumentele psihologice de care pute\u021bi beneficia \u00een cabinet, \u00een func\u021bie de problemele cu care v\u0103 confrunta\u021bi, de v\u00e2rst\u0103 \u0219i de obiectivele pe care dori\u021bi s\u0103 le atinge\u021bi:[\/vc_column_text][\/vc_column][vc_column][vc_text_separator title=&#8221;Instrumente clinice pentru adul\u021bi&#8221; color=&#8221;custom&#8221; accent_color=&#8221;#76c1b3&#8243; css=&#8221;.vc_custom_1696450279808{margin-top: 40px !important;margin-bottom: 40px !important;}&#8221;][vc_row_inner][vc_column_inner width=&#8221;1\/2&#8243;][vc_column_text]<\/p>\n<h5 style=\"font-weight: 400;\"><strong>Sistemul de evaluare clinic\u0103<\/strong> <strong>(SEC)<\/strong><\/h5>\n<p style=\"font-weight: 400;\">\n<p style=\"font-weight: 400;\">\u2013 dezvoltat de RTS Cluj Napoca \u2013 cuprinde 20 de scale clinice pentru evaluare tabloului clinic \u0219i a mecanismelor psihologice implicate \u00een s\u0103n\u0103tate \u0219i tulbur\u0103ri psihice.<\/p>\n<p>&nbsp;<\/p>\n<p style=\"font-weight: 400;\">Prin modul \u00een care a fost elaborat, Sistemul de evaluare clinic\u0103 reprezint\u0103 ast\u0103zi unul dintre cele mai avansate sisteme de psihodiagnostic \u015fi evaluare clinic\u0103 validate \u015ftiin\u0163ific.<\/p>\n<p>[\/vc_column_text][\/vc_column_inner][vc_column_inner width=&#8221;1\/2&#8243;][vc_column_text]<\/p>\n<p style=\"font-weight: 400;\"><strong>SEC cuprinde urm\u0103toarele instrumente psihologice:<\/strong><\/p>\n<p>&#8211; 5 scale \u0219i chestionare care evalueaz\u0103 tabloul clinic \u0219i pun \u00een eviden\u021b\u0103 cele mai importante componente ale acestuia (distresul, tabloul de tip depresiv \u0219i de tip anxios \u2013 Scala Hamilton pentru depresie \u0219i anxietate) \u0219i starea de s\u0103n\u0103tate (scala de dezvoltare posttraumatic\u0103, chestionarul de autoevaluare a s\u0103n\u0103t\u0103\u021bii mintale, emo\u021bii pozitive, emo\u021bii func\u021bionale negative etc.);<\/p>\n<p>&#8211; 15 scale \u0219i chestionare care evalueaz\u0103 mecanismele etiopatogenetice asociate st\u0103rii de s\u0103n\u0103tate \u0219i boal\u0103 (scala de atitudini \u0219i convingeri, scala de ira\u021bionalitate pentru copii \u0219i adolescen\u021bi, inventarul ideilor, chestionarul de convingeri personale, scala stimei de sine, scala de auto eficien\u021b\u0103, Chestionarul de acceptare necondi\u021bionat\u0103 a sinelui, chestionarul g\u00e2ndurilor automate etc.)[\/vc_column_text][\/vc_column_inner][vc_column_inner width=&#8221;1\/2&#8243; css=&#8221;.vc_custom_1701765431981{margin-top: 100px !important;}&#8221;][vc_column_text]<\/p>\n<div>\n<h5><b><span lang=\"RO\">Inventarul de Personalitate Multifazic Minnesota \u2013 2<\/span><\/b><span lang=\"RO\"> <b>(MMPI-2)<\/b><\/span><\/h5>\n<p>&nbsp;<\/p>\n<p><span lang=\"RO\">Este un test recunoscut \u0219i cu tradi\u021bie \u00een psihologia clinic\u0103 \u0219i judiciar\u0103. Este cel mai utilizat \u0219i cercetat instrument psihologic clinic utilizat de c\u0103tre speciali\u0219tii din s\u0103n\u0103tate mintal\u0103 pentru a contribui la diagnosticul tulbur\u0103rilor mintale, oferind totodat\u0103 o imagine detaliat\u0103 asupra structurii de personalitate. Prin generozitatea celor peste 120 de scale, MMPI-2 este un test psihologic care se preteaz\u0103 evalu\u0103rilor clinice exhaustive.<\/span><\/div>\n<p>[\/vc_column_text][\/vc_column_inner][vc_column_inner width=&#8221;1\/2&#8243; css=&#8221;.vc_custom_1701765461929{margin-top: 100px !important;margin-bottom: 100px !important;}&#8221;][vc_single_image image=&#8221;1320&#8243; img_size=&#8221;600&#215;250&#8243;][\/vc_column_inner][\/vc_row_inner][vc_row_inner][vc_column_inner width=&#8221;1\/2&#8243; css=&#8221;.vc_custom_1696507799883{margin-top: 30px !important;}&#8221;][vc_single_image image=&#8221;1268&#8243; img_size=&#8221;600&#215;250&#8243;][\/vc_column_inner][vc_column_inner width=&#8221;1\/2&#8243; css=&#8221;.vc_custom_1696507791552{margin-top: 30px !important;}&#8221;][vc_column_text]<\/p>\n<div>\n<h5><span lang=\"RO\">Evaluarea Minimal\u0103 a St\u0103rii Cognitive-2 (MMSE-2) <\/span><\/h5>\n<p>&nbsp;<\/p>\n<p><span lang=\"RO\">MMSE-2 este un examen clinic standardizat de evaluare a deterior\u0103rii cognitive, fiind instrumentul psihologic cel mai frecvent utilizat pentru depistarea precoce a tulbur\u0103rilor cognitive sau pentru screeningul func\u021biei cognitive globale \u00een popula\u021bia general\u0103. Investigheaz\u0103 orientarea temporo-spa\u021bial\u0103, abilit\u0103\u021bile de calcul \u0219i aten\u021bie, limbaj, abilit\u0103\u021bi vizuo-spa\u021biale \u0219i rememorare de cuvinte. Totodat\u0103 este un instrument recomandat pentru evaluarea func\u021bion\u0103rii cognitive a pacien\u021bilor afla\u021bi \u00een tratament medicamentos pentru demen\u021b\u0103.<\/span><\/div>\n<p>[\/vc_column_text][\/vc_column_inner][\/vc_row_inner][vc_row_inner][vc_column_inner width=&#8221;1\/2&#8243; css=&#8221;.vc_custom_1701765493097{margin-top: 100px !important;}&#8221;][vc_column_text]<\/p>\n<div>\n<h5><strong><span lang=\"RO\">Inventarul de personalitate DECAS<\/span><\/strong><\/h5>\n<p>&nbsp;<\/p>\n<p><span lang=\"RO\"> Este un instrument construit pe baza modelului Big-Five al personalit\u0103\u021bii. Modelul Big-Five este standardul de lucru \u00een descrierea personalit\u0103\u021bii umane. Cei cinci factori de personalitate reflecta\u021bi de c\u0103tre modelul Big-Five sunt: deschiderea, extraversiunea, con\u015ftiinciozitatea, agreabilitatea \u015fi stabilitatea emo\u0163ional\u0103.<\/span><\/div>\n<p>[\/vc_column_text][\/vc_column_inner][vc_column_inner width=&#8221;1\/2&#8243; css=&#8221;.vc_custom_1701765507196{margin-top: 100px !important;margin-bottom: 100px !important;}&#8221;][vc_column_text]<\/p>\n<p style=\"font-weight: 400;\"><strong>Instrumentul ofer\u0103 posibilitatea de a genera 3 tipuri de rapoarte, \u00een func\u021bie de scopul test\u0103rii:<\/strong><\/p>\n<p>&#8211; Economic \u2013 4 pagini \u2013 destinat situa\u0163iilor \u00een care suntem interesa\u0163i de o caracterizare sumar\u0103 a personalitatii persoanei testate;<\/p>\n<p>&#8211; Standard \u2013 15 pagini \u2013 destinat situa\u0163iilor \u00een care dorim o caracterizare psihologic\u0103 detaliat\u0103 a persoanei testate;<\/p>\n<p>&#8211; Business \u2013 19 pagini \u2013 con\u0163ine \u00een plus fa\u0163\u0103 de informa\u0163ia cuprins\u0103 \u00een raportul standard, o evaluare a 16 competen\u0163e profesionale transversale (ex. munca \u00een echip\u0103), un index de compatibilitate cu postul (pentru situa\u0163ii de selec\u0163ie) \u015fi o serie de recomand\u0103ri utile pentru specialistul \u00een resurse umane.<\/p>\n<p style=\"font-weight: 400;\">[\/vc_column_text][\/vc_column_inner][vc_column_inner width=&#8221;1\/2&#8243; css=&#8221;.vc_custom_1696507810369{margin-top: 30px !important;}&#8221;][vc_column_text]<\/p>\n<h5 style=\"font-weight: 400;\"><strong>Inventarul tulbur\u0103rilor de personalitate OMNI-IV<\/strong><\/h5>\n<p>&nbsp;<\/p>\n<p style=\"font-weight: 400;\">Este un instrument psihologic ce permite evaluarea tulbur\u0103rilor specifice de pe Axa II a DSM-IV \u2013 tulbur\u0103rile de personalitate paranoid\u0103, schizoid\u0103, schizotipal\u0103, antisocial\u0103, borderline, histrionic\u0103, narcisist\u0103, evitant\u0103, dependent\u0103, obsesiv-compulsiv\u0103; \u0219i nivelul de distres actual. Este un instrument cu o putere bun\u0103 de discriminare \u00eentre zona clinic\u0103 \u0219i non-clinic\u0103. Folosind OMNI-IV, tulbur\u0103rile de personalitate sunt evaluate corect \u0219i standardizat. Cunoa\u0219terea acestor tr\u0103s\u0103turi de personalitate este relevant\u0103 pentru construirea planului individualizat de terapie.<\/p>\n<p>[\/vc_column_text][\/vc_column_inner][vc_column_inner width=&#8221;1\/2&#8243; css=&#8221;.vc_custom_1701765519912{margin-top: 30px !important;margin-bottom: 100px !important;}&#8221;][vc_single_image image=&#8221;992&#8243; img_size=&#8221;600&#215;250&#8243; alignment=&#8221;center&#8221;][\/vc_column_inner][\/vc_row_inner][vc_row_inner][vc_column_inner][vc_text_separator title=&#8221;Instrumente de evaluare pentru copii si adolescen\u021bi&#8221; css=&#8221;.vc_custom_1696507934990{margin-top: 40px !important;margin-bottom: 40px !important;}&#8221;][\/vc_column_inner][\/vc_row_inner][\/vc_column][\/vc_row][vc_row][vc_column width=&#8221;1\/2&#8243;][vc_single_image image=&#8221;1402&#8243; img_size=&#8221;600&#215;250&#8243;][\/vc_column][vc_column width=&#8221;1\/2&#8243; css=&#8221;.vc_custom_1701765537796{margin-bottom: 100px !important;}&#8221;][vc_column_text]<\/p>\n<h5 style=\"font-weight: 400;\"><strong>Inventarul de depresie pentru copii (Child Depression Inventory \u2013 CDI)\u00a0<\/strong><\/h5>\n<p>&nbsp;<\/p>\n<p style=\"font-weight: 400;\">Este instrumentul psihologic consacrat \u00een evaluarea prezen\u0163ei \u015fi severit\u0103\u021bii simptomelor depresive ale copiilor \u0219i adolescen\u021bilor cu v\u00e2rste \u00eentre 7 \u0219i 19 ani. Instrumentul diferen\u0163iaz\u0103 copiii cu tulbur\u0103ri depresive sau distimice de copiii f\u0103r\u0103 simptomatologie, dar \u015fi de cei cu alte tulbur\u0103ri psihiatrice. CDI m\u0103soar\u0103 simptomatologia depresiv\u0103 baz\u00e2ndu-se pe informa\u0163ia oferit\u0103 de copii\/adolescen\u0163i, profesori \u015fi p\u0103rin\u0163i oferind astfel o perspectiv\u0103 multi-evaluator. Cuprinde scala Dispozi\u021bie negativ\u0103, scala Probleme interpersonale, scala Ineficien\u0163\u0103, scala Anhedonie, scala Stim\u0103 de sine sc\u0103zut\u0103.<\/p>\n<p>[\/vc_column_text][\/vc_column][\/vc_row][vc_row][vc_column width=&#8221;1\/2&#8243; css=&#8221;.vc_custom_1696508135653{margin-top: 40px !important;}&#8221;][vc_column_text]<\/p>\n<div>\n<h5><b><span lang=\"RO\">Scalele pentru Evaluarea Tulbur\u0103rilor de Spectru Autist<\/span><\/b><span lang=\"RO\"> <b>(ASRS)<\/b> <\/span><\/h5>\n<p>&nbsp;<\/p>\n<p><span lang=\"RO\">Instrumentul cuprinde un set de scale de evaluare construite pentru a m\u0103sura comportamente asociate Tulbur\u0103rilor de Spectru Autist (TSA) \u00een cazul copiilor \u0219i tinerilor cu v\u00e2rste cuprinse \u00eentre 2 \u0219i 18 ani. Evaluarea este realizat\u0103 pe scal\u0103 de c\u0103tre p\u0103rin\u021bi sau\/\u0219i de c\u0103tre educatori, \u00eenv\u0103\u021b\u0103tori, profesori. Scalele con\u021bin itemi relevan\u021bi pentru tulburarea de tip autist, tulburarea Asperger \u0219i tulburarea pervasiv\u0103 de dezvoltare f\u0103r\u0103 alt\u0103 specifica\u021bie. Instrumentul este ghid \u00een stabilirea unui diagnostic, dar este deopotriv\u0103 folosit \u00een monitorizarea r\u0103spunsului la interven\u021bie \u0219i \u00een evaluarea programului \u00een care a fost inclus\u0103 persoana cu TSA.<\/span><\/div>\n<p>[\/vc_column_text][\/vc_column][vc_column width=&#8221;1\/2&#8243; css=&#8221;.vc_custom_1701765550545{margin-top: 40px !important;margin-bottom: 100px !important;}&#8221;][vc_single_image image=&#8221;1404&#8243; img_size=&#8221;600&#215;250&#8243;][\/vc_column][\/vc_row][vc_row][vc_column width=&#8221;1\/2&#8243; css=&#8221;.vc_custom_1696508142185{margin-top: 40px !important;}&#8221;][vc_single_image image=&#8221;1406&#8243; img_size=&#8221;600&#215;250&#8243;][\/vc_column][vc_column width=&#8221;1\/2&#8243; css=&#8221;.vc_custom_1701765561879{margin-top: 40px !important;margin-bottom: 100px !important;}&#8221;][vc_column_text]<\/p>\n<h5 style=\"font-weight: 400;\"><strong>Chestionarul de evaluare a abuzului la Copii \u2013<\/strong> <strong>(Checklist for Child Abuse Evaluation &#8211; CCAE)<\/strong><\/h5>\n<p>&nbsp;<\/p>\n<p style=\"font-weight: 400;\">Este un instrument de colectare \u0219i sumarizare a informa\u021biilor preluate de la copiii \u0219i adolescen\u021bii pentru care exist\u0103 suspiciunea de abuz sau neglijare. Utilizarea chestionarului faciliteaz\u0103 accesul la concluzii valide din punct de vedere legal \u0219i reprezint\u0103 o excelent\u0103 sistematizare a simptomelor asociate abuzului (abuzul emo\u021bional, abuzul sexual, abuzul fizic (raportat de copil \u0219i alte persoane), neglijarea (raportat de copil \u0219i alte persoane), starea psihologic\u0103 a copilului, credibilitatea \u0219i competen\u021ba copilului.<\/p>\n<p>[\/vc_column_text][\/vc_column][\/vc_row][vc_row][vc_column width=&#8221;1\/2&#8243; css=&#8221;.vc_custom_1696508135653{margin-top: 40px !important;}&#8221;][vc_column_text]<\/p>\n<h5 style=\"font-weight: 400;\"><strong>P<\/strong><strong>latforma de evaluare a dezvolt\u0103rii pentru copii cu v\u00e2rste \u00eentre 3 \u2013 6\/7 ani \u2013 <\/strong><strong>PEDa<\/strong><\/h5>\n<p>&nbsp;<\/p>\n<p style=\"font-weight: 400;\">Este un instrument extrem de util pentru evaluarea dezvolt\u0103rii, evaluarea gradului de preg\u0103tire pentru \u015fcoal\u0103, evaluarea longitudinal\u0103 a dezvolt\u0103rii competen\u0163elor, evaluarea tulbur\u0103rilor psihiatrice \u015fi remedierea problemelor de s\u0103n\u0103tate mintal\u0103 la pre\u015fcolari.<\/p>\n<p style=\"font-weight: 400;\">PEDa con\u0163ine peste 50 de scale\/teste etalonate \u015fi validate pe popula\u0163ia din Rom\u00e2nia, care evalueaz\u0103 toate competen\u0163ele copilului: cognitive, emo\u0163ionale, sociale, de temperament, autonomie \u015fi nivelul preg\u0103tirii pentru \u015fcoal\u0103. De asemenea, PEDa con\u0163ine \u015fi scale de screening psihiatric pentru tulbur\u0103rile specifice copil\u0103riei.<\/p>\n<p>[\/vc_column_text][\/vc_column][vc_column width=&#8221;1\/2&#8243; css=&#8221;.vc_custom_1696508142185{margin-top: 40px !important;}&#8221;][vc_single_image image=&#8221;1408&#8243; img_size=&#8221;600&#215;250&#8243;][\/vc_column][vc_column css=&#8221;.vc_custom_1701765594796{margin-top: 140px !important;margin-bottom: 50px !important;}&#8221;][vc_column_text]<\/p>\n<h5 style=\"font-weight: 400;\"><strong>P<\/strong><strong>latforma de evaluare a dezvolt\u0103rii pentru copii \u0219i adolescen\u021bi cu v\u00e2rste \u00eentre 6\/7 ani \u0219i 19 ani \u2013 PEDb<\/strong><\/h5>\n<p>&nbsp;<\/p>\n<p style=\"font-weight: 400;\">Con\u0163ine 55 de teste de evaluare psihologic\u0103 complex\u0103, etalonate \u015fi validate pe popula\u0163ia din Rom\u00e2nia. Cu ajutorul platformei se pot evalua:<\/p>\n<p>&#8211; aten\u021bia \u0219i func\u021biile executive<\/p>\n<p>&#8211; func\u021biile senzorio-motorii<\/p>\n<p>&#8211; limbajul<\/p>\n<p>&#8211; memoria<\/p>\n<p>&#8211; abilitatea general\u0103 de \u00eenv\u0103\u021bare<\/p>\n<p>&#8211; abilitatea numeric\u0103<\/p>\n<p>&#8211; abilitatea verbal\u0103<\/p>\n<p>&#8211; aptitudinile spa\u021biale<\/p>\n<p>&#8211; abilit\u0103\u021bi func\u021bion\u0103re\u0219ti<\/p>\n<p>&#8211; abilit\u0103\u021bi de procesare a informa\u021biei \u2013 rapiditate \u00een reac\u021bii<\/p>\n<p>&#8211; capacitatea decizional\u0103<\/p>\n<p>&#8211; evaluarea personalit\u0103\u021bii<\/p>\n<p>&#8211; evaluarea valorilor \u0219i intereselor<\/p>\n<p>&#8211; evaluarea emo\u021biilor \u0219i comportamentelor<\/p>\n<p>&#8211; evaluarea strategiilor de \u00eenv\u0103\u021bare<\/p>\n<p>&nbsp;<\/p>\n<p><span style=\"font-weight: 400;\">Pe baza evalu\u0103rii psihologice prin intermediul platformei PEDb se poate oferi consiliere privind orientarea \u00een carier\u0103.<\/span>[\/vc_column_text][\/vc_column][\/vc_row][vc_row full_width=&#8221;stretch_row_content&#8221; content_placement=&#8221;middle&#8221; css=&#8221;.vc_custom_1696509424010{margin-top: 60px !important;padding-top: 150px !important;padding-bottom: 150px !important;background-image: url(https:\/\/psihoexpert.ro\/wp-content\/uploads\/2023\/10\/u7yuhjnkm.jpg?id=1397) !important;background-position: center !important;background-repeat: no-repeat !important;background-size: cover !important;}&#8221;][vc_column width=&#8221;2\/3&#8243;][vc_column_text css=&#8221;.vc_custom_1696530154081{margin-left: 30px !important;}&#8221;]<\/p>\n<div class=\"col-xs-12 col-sm-12 \" style=\"text-align: center;\">\n<div class=\"appoinContent\">\n<div class=\"simple-article light\">\n<p style=\"font-weight: 400;\">Specialistul t\u0103u PsihoExpert \u00ee\u021bi va oferi \u00eendrumarea de care ai nevoie \u00eenc\u0103 de la prima consulta\u021bie. E\u0219ti gata s\u0103-\u021bi acorzi aten\u021bia de care ai nevoie?<\/p>\n<\/div>\n<\/div>\n<\/div>\n<p>[\/vc_column_text][\/vc_column][vc_column width=&#8221;1\/3&#8243;][vc_btn title=&#8221;Programeaz\u0103 acum&#8221; style=&#8221;classic&#8221; shape=&#8221;round&#8221; color=&#8221;white&#8221; size=&#8221;lg&#8221; align=&#8221;center&#8221; i_icon_fontawesome=&#8221;fas fa-phone-alt&#8221; add_icon=&#8221;true&#8221; link=&#8221;url:https%3A%2F%2Fpsihoexpert.ro%2Findex.php%2Fcontact%2F|title:Contact&#8221;][\/vc_column][\/vc_row]<\/p>\n","protected":false},"excerpt":{"rendered":"<p>[vc_row content_placement=&#8221;top&#8221; css=&#8221;.vc_custom_1696446811576{margin-top: 100px !important;}&#8221;][vc_column width=&#8221;1\/3&#8243;][vc_column_text] \u00centotdeauna exist\u0103 o solu\u021bie Speciali\u0219tii no\u0219tri sunt aici pentru tine at\u00e2t offline, \u00een cabinet, c\u00e2t \u0219i online. &nbsp; [\/vc_column_text][vc_single_image image=&#8221;158&#8243; img_size=&#8221;500&#215;200&#8243;][\/vc_column][vc_column width=&#8221;1\/3&#8243;][vc_column_text] Metode psihoterapeutice bazate pe dovezi &nbsp; Psihoterapia cognitiv-comportamental\u0103 \u0219i terapia schemelor sunt tratamente psihologice a c\u0103ror eficien\u021b\u0103 a fost dovedit\u0103 prin studii clinice riguroase. &nbsp; Pasiune \u0219i<\/p>\n","protected":false},"author":3,"featured_media":0,"parent":0,"menu_order":0,"comment_status":"closed","ping_status":"closed","template":"","meta":[],"_links":{"self":[{"href":"https:\/\/psihoexpert.ro\/index.php\/wp-json\/wp\/v2\/pages\/1190"}],"collection":[{"href":"https:\/\/psihoexpert.ro\/index.php\/wp-json\/wp\/v2\/pages"}],"about":[{"href":"https:\/\/psihoexpert.ro\/index.php\/wp-json\/wp\/v2\/types\/page"}],"author":[{"embeddable":true,"href":"https:\/\/psihoexpert.ro\/index.php\/wp-json\/wp\/v2\/users\/3"}],"replies":[{"embeddable":true,"href":"https:\/\/psihoexpert.ro\/index.php\/wp-json\/wp\/v2\/comments?post=1190"}],"version-history":[{"count":54,"href":"https:\/\/psihoexpert.ro\/index.php\/wp-json\/wp\/v2\/pages\/1190\/revisions"}],"predecessor-version":[{"id":1582,"href":"https:\/\/psihoexpert.ro\/index.php\/wp-json\/wp\/v2\/pages\/1190\/revisions\/1582"}],"wp:attachment":[{"href":"https:\/\/psihoexpert.ro\/index.php\/wp-json\/wp\/v2\/media?parent=1190"}],"curies":[{"name":"wp","href":"https:\/\/api.w.org\/{rel}","templated":true}]}}