{"id":1594,"date":"2023-12-05T15:26:43","date_gmt":"2023-12-05T13:26:43","guid":{"rendered":"https:\/\/psihoexpert.ro\/?page_id=1594"},"modified":"2023-12-05T15:31:43","modified_gmt":"2023-12-05T13:31:43","slug":"gdpr","status":"publish","type":"page","link":"https:\/\/psihoexpert.ro\/index.php\/gdpr\/","title":{"rendered":"GDPR"},"content":{"rendered":"<p>[vc_row el_class=&#8221;contentPadding abtclientsay&#8221;][vc_column el_class=&#8221;customerSayTite&#8221;][vc_empty_space el_class=&#8221;extraMobileSpace&#8221;][vc_column_text el_class=&#8221;customerSayTite&#8221; css=&#8221;.vc_custom_1701782948002{margin-bottom: 100px !important;}&#8221;]<\/p>\n<div class=\"contentTitle normall\">\n<h2 class=\"h2 as\" style=\"text-align: left;\"><strong>NOT\u0102 DE INFORMARE CU PRIVIRE LA PRELUCRAREA DATELOR <\/strong><span lang=\"RO\">CU CARACTER PERSONAL<\/span><\/h2>\n<\/div>\n<p style=\"font-weight: 400;\">\u00cen aceast\u0103 not\u0103 de informare v\u0103 explic\u0103m modul \u00een care are loc prelucrarea datelor dumneavoastr\u0103 cu caracter personal de c\u0103tre Cabinetul individual de psihologie Dehelean Evy Viorica \u0219i ne asigur\u0103m c\u0103 datele dumneavoastr\u0103 sunt prelucrate responsabil \u0219i \u00een conformitate cu legisla\u021bia Regulamentului (UE) 2016\/679 a Parlamentului European \u0219i a Consiliului din 27 aprilie 2016 privind protec\u021bia persoanelor fizice \u00een ceea ce prive\u0219te prelucrarea datelor cu caracter personal \u0219i libera circula\u021bie a acestor date \u0219i de abrogare a Directivei 95\/46\/CE (Regulamentul general privind protec\u021bia datelor).<\/p>\n<p style=\"font-weight: 400;\">Men\u021bion\u0103m faptul c\u0103 datele cu caracter personal referitoare la dumneavoastr\u0103, pe care le vom prelucra sunt datele oferite voluntar de\u00a0 dumneavoastr\u0103 \u0219i\/sau rezultate \u00een urma \u00eencheierii unui contract de prest\u0103ri servicii psihologice.<\/p>\n<p style=\"font-weight: 400;\">Aceast\u0103 not\u0103 de informare se aplic\u0103 \u00een leg\u0103tur\u0103 cu serviciile pe care le prest\u0103m \u00een cabinetul fizic sau online. \u00cen func\u021bie de psihologul cu care lucra\u021bi \u0219i tipul de serviciu solicitat, \u00eenainte de prestarea serviciului psihologic ve\u021bi semna un Formular privind prelucrarea datelor cu caracter personal care stipuleaz\u0103 explicit toate condi\u021biile prelucr\u0103rii datelor conform serviciului solicitat.<\/p>\n<p style=\"font-weight: 400;\"><strong>\u00a0<\/strong><\/p>\n<p style=\"font-weight: 400;\"><strong>Ce tipuri de date prelucr\u0103m?<\/strong><\/p>\n<p style=\"font-weight: 400;\">&#8211; Date de identificare (date cu caracter personal): nume, prenume, sex, data na\u0219terii\/ v\u00e2rsta, CNP;<\/p>\n<p style=\"font-weight: 400;\">&#8211; Date de contact (date cu caracter personal): telefon, e-mail, adres\u0103 de domiciliu \/ re\u0219edin\u021b\u0103;<\/p>\n<p style=\"font-weight: 400;\">&#8211; Date referitorare la starea dvs. de s\u0103n\u0103tate fizic\u0103 \u0219i mental\u0103 (date cu caracter personal sensibile): date referitoare la simptome, boli anterioare, analize \u0219i tratamente, analize de laborator, date despre istoricul medical al familiei dvs; alte informa\u021bii pe care ni le oferi\u021bi cu privire la membrii de familie \u0219i la rela\u021biile dvs. de rudenie; date din dosarul medical, date despre istoria dvs. de via\u021b\u0103, informa\u021bii legate de statutul \u0219i traseul dvs. profesional, marital, social, interrela\u021bional, informa\u021bii despre familia de origine, informa\u021bii legate de starea dvs. emo\u021bional\u0103, informa\u021bii legate de modul \u00een care func\u021biona\u021bi din punct de vedere comportamental, informa\u021bii despre contexte \u0219i situa\u021bii de via\u021b\u0103 prezente sau din trecutul dvs., informa\u021bii legate de func\u021bionarea psiho-fiziologic\u0103, informa\u021bii referitoare la factori de stres prezen\u021bi sau din antecedente, informa\u021bii referitoare la percep\u021biile \u0219i convingerile dvs. care au leg\u0103tur\u0103 cu scopul pentru care solicita\u021bi asisten\u021b\u0103 psihologic\u0103, informa\u021bii despre func\u021bii \u0219i procese psihice (de ex. memorie, g\u00e2ndire, aten\u021bie, afectivitate, etc) precum \u0219i o serie de caracteristici \u0219i atribute psihologice reflectate prin r\u0103spunsurile dumneavoastr\u0103 la probele psihologice aplicate (scale psihologice, teste psihologice, chestionare psihologice, inventare psihologice, interviuri clinice) \u00a0furnizate cu ocazia sesiunilor de evaluare \u0219i interven\u021bie psihologic\u0103.<\/p>\n<p style=\"font-weight: 400;\">&#8211; Detalii de plat\u0103: adres\u0103 de facturare; cont bancar, numele \u0219i prenumele titularului contului bancar;<\/p>\n<p style=\"font-weight: 400;\">&#8211; Opinii \u0219i viziuni (pot include date sensibile): orice opinii \u0219i viziuni pe care ni le transmite\u021bi sau orice opinii \u0219i viziuni pe care le posta\u021bi public despre noi pe re\u021belele de socializare (social media) sau pe care le face\u021bi cunoscute pe alte canale sociale publice.<\/p>\n<p style=\"font-weight: 400;\"><strong>De ce avem nevoie de datele dumneavoastr\u0103?<\/strong><\/p>\n<p style=\"font-weight: 400;\">Avem nevoie pentru v\u0103 identifica corect, pentru a v\u0103 oferi serviciile psihologice de care ave\u021bi nevoie \u0219i pentru a v\u0103 comunica prin email, telefon, mesaje telefonice (SMS-uri), mesaje \u00a0transmise pe platformele de socializare nout\u0103\u021bi privind serviciile disponibile, cursuri, evenimente etc.<\/p>\n<p style=\"font-weight: 400;\"><strong>Scopul \u0219i temeiurile legale de prelucrare:<\/strong><\/p>\n<p style=\"font-weight: 400;\">Datele dumneavoastr\u0103 sunt prelucrate pentru:<\/p>\n<p style=\"font-weight: 400;\">&#8211; Prestarea serviciilor psihologice solicitate de dumneavoastr\u0103 &#8211; executarea obiectului contractului de prest\u0103ri servicii psihologice<\/p>\n<p style=\"font-weight: 400;\">&#8211; \u00cendeplinirea obliga\u021biilor noastre legale cu privire la arhivare, \u021binerea eviden\u021belor \u0219i a altor obliga\u021bii pe care legisla\u021bia ni le impune<\/p>\n<p style=\"font-weight: 400;\">&#8211; Comunic\u0103ri de marketing &#8211; doar dac\u0103 avem acordul dumneavoastr\u0103, putem comunica cu dumneavoastr\u0103 prin e-mail, telefon, mesaje \u00a0telefonice (SMS-uri), mesaje transmise pe platformele de socializare sau \u00een persoan\u0103, nout\u0103\u021bile privind serviciile disponibile , oferte, cursuri, evenimente sau furnizarea de alte informa\u021bii care v-ar putea interesa<\/p>\n<p style=\"font-weight: 400;\">&#8211; Gestiunea financiar\u0103 \u2013 cerin\u021be contabile \u0219i fiscale care fac obiectul unor politici reglementate legal cum ar fi perioada de p\u0103strare a documentelor contabile, emiterea facturilor, chitan\u021belor, alte situa\u021bii contabile etc<\/p>\n<p style=\"font-weight: 400;\">&#8211; Solu\u021bionarea disputelor- formularea de cereri \u0219i de ap\u0103r\u0103ri \u00een fa\u021ba autorit\u0103\u021bilor \u0219i a altor entit\u0103\u021bi care solu\u021bioneaz\u0103 dispute<\/p>\n<p style=\"font-weight: 400;\">&#8211; Solu\u021bionarea sesiz\u0103rilor dumneavoastr\u0103<\/p>\n<p style=\"font-weight: 400;\">&#8211; Interesul nostru legitim. \u00cen cazul \u00een care prelucr\u0103m datele dumneavoastr\u0103 pentru men\u021binerea securit\u0103\u021bii \u0219i pentru \u00eembun\u0103t\u0103\u021birea serviciilor noastre etc<\/p>\n<p style=\"font-weight: 400;\">Cabinetul individual de psihologie Dehelean Evy Viorica va prelucra datele dvs. cu caracter personal \u00een baza urm\u0103torului temei:\u00a0\u00a0 v-a\u021bi exprimat consim\u021b\u0103m\u00e2ntul explicit pentru prelucrarea datelor cu caracter personal \u00een cadrul servicilor de psihologie\/psihoterapie \u00a0complet\u00e2nd Formularul aferent \u00eenaintea prest\u0103rii serviciilor, \u00a0\u00een vederea furniz\u0103rii serviciilor psihologice pe care le solicita\u021bi.<\/p>\n<p style=\"font-weight: 400;\"><strong>Perioada de stocare si locul prelucr\u0103rii datelor dumneavoastr\u0103:<\/strong><\/p>\n<p style=\"font-weight: 400;\">Datele dumneavoastr\u0103 vor fi prelucrate pe durata prest\u0103rii serviciilor psihologice si vor fi stocate at\u00e2t timp c\u00e2t este necesar pentru \u00eendeplinirea scopurilor men\u021bionate, conform dispozi\u021biilor legale \u0219i pentru \u00eendeplinirea obliga\u021biilor legale ale Operatorului. Datele dumneavoastr\u0103 sunt colectate, utilizate \u0219i stocate \u00een format fizic \u0219i electronic, pe servere proprii sau ale altor companii specializate \u00een arhivarea electronic\u0103, pe teritoriul Rom\u00e2niei.<\/p>\n<p style=\"font-weight: 400;\"><strong>\u00a0<\/strong><\/p>\n<p style=\"font-weight: 400;\"><strong>Care sunt drepturile dumnevoastr\u0103?<\/strong><\/p>\n<p style=\"font-weight: 400;\">&#8211; Dreptul de acces la datele cu caracter personal prelucrate<\/p>\n<p style=\"font-weight: 400;\">&#8211; Dreptul la restric\u021bionarea prelucr\u0103rii. Reprezint\u0103 dreptul de a solicita \u0219i de a ob\u021bine restric\u021bionarea prelucr\u0103rii datelor dumneavoastr\u0103 cu caracter personal<\/p>\n<p style=\"font-weight: 400;\">&#8211; Dreptul de a cere rectificarea sau \u0219tergerea datelor cu caracter personal. Acest drept este aplicabil \u00een anumite circumstan\u021be, precum ar fi : (a) c\u00e2nd datele personale nu mai sunt necesare pentru \u00eendeplinirea scopurilor pentru care au fost colectate sau prelucrate, (b) datele dvs. au fost prelucrate ilegal<\/p>\n<p style=\"font-weight: 400;\">&#8211; Dreptul de a obiecta. Ave\u021bi dreptul de a obiecta la prelucrarea datelor dumneavoastr\u0103 cu caracter personal.<\/p>\n<p style=\"font-weight: 400;\">&#8211; Dreptul de a v\u0103 opune cu privire la prelucrarea datelor cu caracter personal<\/p>\n<p style=\"font-weight: 400;\">&#8211; Dreptul de a retrage consim\u021b\u0103m\u00e2ntul pentru prelucrare. Consim\u021b\u0103m\u00e2ntul poate fi retras oric\u00e2nd. Retragerea consim\u021b\u0103m\u00e2ntului nu afecteaz\u0103 legalitatea prelucr\u0103rii pe baza consim\u021b\u0103m\u00e2ntului \u00eenainte de retragerea acestuia<\/p>\n<p style=\"font-weight: 400;\">&#8211; Dreptul de a nu fi obiectul unei decizii bazate exclusiv pe prelucrare automatizat\u0103, inclusiv crearea de profiluri<\/p>\n<p style=\"font-weight: 400;\">&#8211; Dreptul de a depune o pl\u00e2ngere in fata Autorit\u0103\u021bii Na\u021bionale de Supraveghere a Prelucr\u0103rii Datelor cu Caracter Personal (ANSPDCP) si dreptul de a v\u0103 adresa instantelor de judecat\u0103 competente.<\/p>\n<p style=\"font-weight: 400;\">Cum v\u0103 pute\u021bi exercita drepturile: solicit\u0103rile pot fi transmise c\u0103tre adresa de e-mail: evy@psihoexpert.ro<\/p>\n<p style=\"font-weight: 400;\"><strong>Cine este Autoritatea de supraveghere?<\/strong><\/p>\n<p style=\"font-weight: 400;\">Autoritatea Na\u0163ional\u0103 de Supraveghere a Prelucr\u0103rii Datelor cu Caracter Personal (www.dataprotection.ro), Adres\u0103:\u00a0 B-dul G-ral. Gheorghe Magheru, Bucure\u0219ti, Rom\u00e2nia; Telefon: 40.318.059.211\/ +40.318.059.212 Fax:\u00a0 +40.318.059.602;, E-mail: anspdcp@dataprotection.ro.<\/p>\n<p style=\"font-weight: 400;\"><strong>Cine mai poate avea acces la datele dumneavoastr\u0103?<\/strong><\/p>\n<p style=\"font-weight: 400;\">&#8211; Autorit\u0103\u021bile publice doar \u00een condi\u021biile legii \u0219i\/sau la solicitarea organelor \u00een drept \u2013 De ex. datele sunt solicitate de o instan\u021b\u0103 de judecat\u0103, la Comisia de evaluare a persoanelor cu handicap \u00een cazul \u00een care solicita\u021bi un raport de evaluare psihologic\u0103 etc<\/p>\n<p style=\"font-weight: 400;\">&#8211; Contabili, firma de marketing, avoca\u021bi sau al\u021bi consultan\u021bi profesionali externi care vor fi obligati, prin lege sau prin contractul \u00eencheiat cu noi, s\u0103 p\u0103streze confidentialitatea datelor dvs.<\/p>\n<p style=\"font-weight: 400;\">&#8211; Putem folosi sau dezv\u0103lui informa\u021bii cu caracter personal pentru a notifica un membru al familiei sau o alt\u0103 persoan\u0103 responsabil\u0103 de \u00eengrijirea dumnevoastr\u0103 \u00een cazul unei situa\u021bii de urgen\u021b\u0103 (atunci cand via\u021ba dvs. sau a altei persoane este \u00een pericol). \u00cen situa\u021bii de urgen\u021b\u0103, vom apela la decizia noastr\u0103 profesional\u0103 pentru a dezv\u0103lui doar acea informa\u021bie relevant\u0103 pentru binele dvs. \u0219i pentru a fi \u00een siguran\u021b\u0103.<\/p>\n<p style=\"font-weight: 400;\"><strong>Ce se \u00eent\u00e2mpl\u0103 daca nu ne furnizati datele<\/strong>?<\/p>\n<p style=\"font-weight: 400;\">Nu ave\u021bi obliga\u021bia de a ne furniza datele dumneavoastr\u0103 cu caracter personal pe care le-am men\u021bionat \u00een acesta not\u0103 de informare. Cu toate acestea, dac\u0103 nu ne oferi\u021bi datele men\u021bionate \u00een aceast\u0103 not\u0103 de informare nu va fi posibil s\u0103 v\u0103 prest\u0103m serviciile pe care ni le solicita\u021bi.<\/p>\n<p>[\/vc_column_text][\/vc_column][\/vc_row]<\/p>\n","protected":false},"excerpt":{"rendered":"<p>[vc_row el_class=&#8221;contentPadding abtclientsay&#8221;][vc_column el_class=&#8221;customerSayTite&#8221;][vc_empty_space el_class=&#8221;extraMobileSpace&#8221;][vc_column_text el_class=&#8221;customerSayTite&#8221; css=&#8221;.vc_custom_1701782948002{margin-bottom: 100px !important;}&#8221;] NOT\u0102 DE INFORMARE CU PRIVIRE LA PRELUCRAREA DATELOR CU CARACTER PERSONAL \u00cen aceast\u0103 not\u0103 de informare v\u0103 explic\u0103m modul \u00een care are loc prelucrarea datelor dumneavoastr\u0103 cu caracter personal de c\u0103tre Cabinetul individual de psihologie Dehelean Evy Viorica \u0219i ne asigur\u0103m c\u0103 datele dumneavoastr\u0103 sunt prelucrate<\/p>\n","protected":false},"author":3,"featured_media":0,"parent":0,"menu_order":0,"comment_status":"closed","ping_status":"closed","template":"","meta":[],"_links":{"self":[{"href":"https:\/\/psihoexpert.ro\/index.php\/wp-json\/wp\/v2\/pages\/1594"}],"collection":[{"href":"https:\/\/psihoexpert.ro\/index.php\/wp-json\/wp\/v2\/pages"}],"about":[{"href":"https:\/\/psihoexpert.ro\/index.php\/wp-json\/wp\/v2\/types\/page"}],"author":[{"embeddable":true,"href":"https:\/\/psihoexpert.ro\/index.php\/wp-json\/wp\/v2\/users\/3"}],"replies":[{"embeddable":true,"href":"https:\/\/psihoexpert.ro\/index.php\/wp-json\/wp\/v2\/comments?post=1594"}],"version-history":[{"count":2,"href":"https:\/\/psihoexpert.ro\/index.php\/wp-json\/wp\/v2\/pages\/1594\/revisions"}],"predecessor-version":[{"id":1597,"href":"https:\/\/psihoexpert.ro\/index.php\/wp-json\/wp\/v2\/pages\/1594\/revisions\/1597"}],"wp:attachment":[{"href":"https:\/\/psihoexpert.ro\/index.php\/wp-json\/wp\/v2\/media?parent=1594"}],"curies":[{"name":"wp","href":"https:\/\/api.w.org\/{rel}","templated":true}]}}