{"id":1599,"date":"2023-12-05T15:33:39","date_gmt":"2023-12-05T13:33:39","guid":{"rendered":"https:\/\/psihoexpert.ro\/?page_id=1599"},"modified":"2023-12-05T15:42:47","modified_gmt":"2023-12-05T13:42:47","slug":"termeni-si-conditii-de-utilizare-a-site-ului","status":"publish","type":"page","link":"https:\/\/psihoexpert.ro\/index.php\/termeni-si-conditii-de-utilizare-a-site-ului\/","title":{"rendered":"Condi\u021bii de utilizare a site-ului"},"content":{"rendered":"<p>[vc_row el_class=&#8221;contentPadding abtclientsay&#8221;][vc_column el_class=&#8221;customerSayTite&#8221;][vc_empty_space el_class=&#8221;extraMobileSpace&#8221;][vc_column_text el_class=&#8221;customerSayTite&#8221; css=&#8221;.vc_custom_1701783763981{margin-bottom: 100px !important;}&#8221;]<\/p>\n<div class=\"contentTitle normall\">\n<h2 class=\"h2 as\" style=\"text-align: justify;\"><\/h2>\n<h6 style=\"text-align: left;\"><strong>I. CONSIDERA\u021aII GENERALE<\/strong><\/h6>\n<p style=\"text-align: left;\">Informa\u0163iile din aceast\u0103 sec\u0163iune se refer\u0103 la Cabinetul individual de psihologie Dehelean Evy Viorica \/PsihoExpert cu referire la website-ul acestuia. Con\u021binutul website-ului www.psihoexpert.ro (\u00een continuare, denumit site) este proprietatea exclusiv\u0103 a Cabinetului individual de psihologie Dehelean Evy Viorica (\u00een continuare, denumit generic Titularul). At\u00e2t Titularul c\u00e2t \u0219i utilizatorii site-ului se supun reglementarilor legale din Rom\u00e2nia, indiferent de \u021bara din care acceseaz\u0103 site-ul.<\/p>\n<p style=\"font-weight: 400; text-align: justify;\">Pentru utilizarea website-ului este necesar\u0103 citirea \u015fi acceptarea \u00een totalitate a termenilor \u015fi condi\u0163iilor prezentate mai jos. Accesul la con\u0163inutul website-ului constituie un accept expres integral al termenilor \u015fi condi\u0163iilor de utilizare.<\/p>\n<p style=\"font-weight: 400; text-align: justify;\">Utilizatorul confirm\u0103 c\u0103 a citit, \u00een\u021beles \u0219i acceptat termenii \u0219i condi\u021biile de utilizare. \u00cen cazul \u00een care utilizatorul nu dore\u0219te s\u0103 accepte termenii \u0219i condi\u021biile, inclusiv modific\u0103rile sau complet\u0103rile acestora, este necesar s\u0103 \u00eenceteze utilizarea site-ului.<\/p>\n<h6><\/h6>\n<h6 style=\"font-weight: 400; text-align: justify;\"><strong style=\"font-size: 1rem;\">II. CON\u021aINUTUL \u0218I UTILIZAREA SITE-ULUI<\/strong><\/h6>\n<p style=\"font-weight: 400; text-align: justify;\"><strong>\u00a0<\/strong>Utilizarea site-ul\u00a0<a href=\"http:\/\/www.psihoexpert.ro\/\">www.psihoexpert.ro<\/a> \u0219i a con\u021binutului s\u0103u se supune urm\u0103toarelor condi\u021bii:<\/p>\n<p style=\"font-weight: 400; text-align: justify;\">&#8211; Site-ul este un portal web de prezentare a serviciilor psihologice oferite, a Titularului \u0219i a activit\u0103\u021bii sale \u0219i a colaboratorilor s\u0103i. Site-ul con\u021bine articole \/ informa\u021bii redactate de speciali\u0219ti \u00een domeniul psihologiei \u0219i psihoterapiei, chestionare de screening,\u00a0 feedback-uri ale pacien\u021bilor cabinetului \u0219i o sec\u021biune pentru solicitarea unei program\u0103ri.<\/p>\n<p style=\"font-weight: 400; text-align: justify;\">&#8211; Informa\u021biile prezentate prin intermediul site-ului pot fi utilizate numai \u00een scopuri personale, de informare \u0219i psihoeduca\u021bie \u0219i nu \u00een scopuri comerciale, de psihodiagnoz\u0103, autodiagnosticare sau \u00een alte scopuri \u00een afara celor precizate expres. informa\u021bia prezentat\u0103 pe acest site este general\u0103 \u0219i este posibil s\u0103 nu fie relevant\u0103 \u00een cazuri individuale concrete.<\/p>\n<p style=\"font-weight: 400; text-align: justify;\">&#8211; Titularul nu este \u0219i nu va fi legal responsabil \u00een niciun caz \u0219i pentru nicio inadverten\u021b\u0103 ori descriere eronat\u0103 a informa\u021biilor prezentate \u00een site. Pentru a afla informa\u021bii detaliate. corecte \u0219i complete despre serviciile \u0219i informa\u021biile puse la dispozi\u021bie de Titular, pute\u021bi s\u0103 v\u0103 adresa\u021bi cabinetului fie telefonic, fie \u00een scris, utiliz\u00e2nd datele de contact puse la dispozi\u021bie.<\/p>\n<p style=\"font-weight: 400; text-align: justify;\">&#8211; Titularul \u00ee\u0219i rezerv\u0103 dreptul de a modifica Termenii \u0219i Condi\u021biile \u00een orice moment, astfel \u00eenc\u00e2t informa\u021bia prezentat\u0103 s\u0103 fie \u00een concordan\u021b\u0103 cu eventualele schimb\u0103ri ce reglementeaz\u0103 activitatea profesional\u0103. V\u0103 rug\u0103m s\u0103 vizita\u021bi periodic aceast\u0103 sec\u021biune pentru a verifica Termenii \u0219i Condi\u021biile pe care a\u021bi agreat s\u0103 le respecta\u021bi.<\/p>\n<p style=\"font-weight: 400; text-align: justify;\">&#8211; Titularul \u00ee\u0219i rezerv\u0103 dreptul de a modifica, ad\u0103uga sau \u0219terge \u00een orice moment, con\u021binutul site-ului. Totodat\u0103, Titularul \u00ee\u0219i rezerv\u0103 dreptul de a restric\u021biona accesul utilizatorilor la o parte sau la \u00eentregul s\u0103u con\u021binut din site.<\/p>\n<p style=\"font-weight: 400; text-align: justify;\">&#8211; Acest site utilizeaz\u0103 tehnologii care permit colectarea anumitor informa\u021bii cu caracter tehnic despre utilizator: adresa de internet, sistemul de operare folosit, tipul browser-ului \u0219i informa\u021bii despre traficul realizat pe site. Toate aceste informa\u021bii colectate prin intermediul site-ului au scopul de a ajuta la \u00eembun\u0103t\u0103\u021birea serviciilor pe care le oferim.<\/p>\n<p>&nbsp;<\/p>\n<h6 style=\"font-weight: 400; text-align: justify;\"><strong>III. DREPTURI DE PROPRIETATE INTELECTUAL\u0102<\/strong><strong>\u00a0<\/strong><\/h6>\n<p style=\"font-weight: 400; text-align: justify;\"><strong>&#8211; <\/strong>Titularul de\u021bine toate drepturile de proprietate intelectual\u0103 asupra tuturor materialelor prezentate pe site. Con\u021binutul materialelor si articolelor publicate prin intermediul site-ului, precum si elementele de grafic\u0103 ale acestuia apar\u021bin Cabinetului individual de psihologie Dehelean Evy Viorica, cu excep\u021bia cazului c\u00e2nd este men\u021bionat expres altfel. Titularul \u00ee\u0219i rezerv\u0103 dreptul de a modifica con\u021binutul \u0219i\/sau structura site-ului f\u0103r\u0103 nicio justificare \/ informare prealabil\u0103 a utilizatorilor.<\/p>\n<p style=\"font-weight: 400; text-align: justify;\"><strong>&#8211; <\/strong>Este interzis\u0103 orice form\u0103 de reproducere, distribuire, adaptare, sau orice alt\u0103 modificare a con\u021binutului site-lui,\u00a0f\u0103r\u0103 acordul scris al Titularului site-ului.<\/p>\n<p style=\"font-weight: 400; text-align: justify;\">&#8211; Utilizatorii site-ului\u00a0nu au dreptul s\u0103 distribuie con\u021binutul acestuia indiferent de suport, f\u0103r\u0103 s\u0103 indice \u00een mod clar sursa, numele autorului \u0219i link-ul c\u0103tre site.<\/p>\n<p style=\"font-weight: 400; text-align: justify;\">&#8211; Pentru orice \u00eentrebare sau cerere de utilizare a materialelor de pe site, ne pute\u021bi contacta la adresa <a href=\"mailto:evy@psihoexpert.ro\">evy@psihoexpert.ro<\/a><\/p>\n<p style=\"font-weight: 400; text-align: justify;\"><strong>\u00a0<\/strong><\/p>\n<h6 style=\"font-weight: 400; text-align: justify;\"><strong style=\"font-size: 1rem;\">IV. LIMITELE R\u0102SPUNDERII TITULARULUI<\/strong><\/h6>\n<p style=\"font-weight: 400; text-align: justify;\">&#8211; Nu se ofer\u0103 garan\u021bii cu privire la materialele oferite pe site. Titularul nu \u00ee\u0219i asum\u0103 responsabilitatea \u0219i nu garanteaz\u0103 c\u0103 func\u021biile de pe acest site nu pot fi \u00eentrerupte sau nu vor avea erori.<\/p>\n<p style=\"font-weight: 400; text-align: justify;\">&#8211; Titularul \u0219i colaboratorii s\u0103i implica\u021bi \u00een conceperea \u0219i difuzarea con\u021binutului site-ului nu \u00ee\u0219i asum\u0103 nici un fel de responsabilitate pentru daune\/prejudicii directe sau indirecte sau orice fel de pierderi\/disconfort \u00een leg\u0103tur\u0103 cu utilizarea acestui site sau a con\u021binutului s\u0103u de c\u0103tre utilizatori. Titularul nu \u00ee\u0219i asum\u0103 nicio responsabilitate \u0219i nu va fi r\u0103spunz\u0103tor pentru eventuale daune produse utilizatorilor site-ului ca urmare a: acces\u0103rii, utiliz\u0103rii sau desc\u0103rc\u0103rii oric\u0103ror materiale (text, imagini video sau audio) de pe acesta; accesului neautorizat sau utilizarii necorespunz\u0103toare a serverelor web securizate; oric\u0103ror erori, viru\u0219i de calculator, scripturi Trojan sau alte software-uri care pot fi transmise prin intermediul site-ului de c\u0103tre o ter\u021b\u0103 parte \u0219i \/ sau orice erori sau omisiuni \u00een con\u021binutul site-ului.<\/p>\n<p style=\"font-weight: 400; text-align: justify;\">&#8211; Site-ul este disponibil non-stop, except\u00e2nd perioadele \u00een care se efectueaz\u0103 lucr\u0103ri de mentenan\u021b\u0103<\/p>\n<p style=\"font-weight: 400; text-align: justify;\">&#8211; Niciunul din materialele \/ informa\u021biile \/ chestionarele de screening prezentate pe site nu pot fi considerate \u0219i nu se substituie sub nicio form\u0103 evalu\u0103rii psihologice clinice, psihodiagnosticului \u0219i nu pot fi interpretate consiliere sau interven\u021bie psihologic\u0103 sau asimilate actului psihologic.<\/p>\n<p style=\"font-weight: 400; text-align: justify;\">&#8211; Referitor la solicit\u0103rile de programare pe site, cabinetul informeaz\u0103 utilizatorii c\u0103, \u00een func\u021bie de num\u0103rul de program\u0103ri neonorate, \u00ee\u0219i rezerv\u0103 dreptul s\u0103 limiteze accesul la program\u0103ri al utilizatorului respectiv.<\/p>\n<p style=\"font-weight: 400; text-align: justify;\"><strong>\u00a0<\/strong><\/p>\n<h6 style=\"font-weight: 400; text-align: justify;\"><strong style=\"font-size: 1rem;\">V. DREPTURILE UTILIZATORULUI<\/strong><\/h6>\n<p style=\"font-weight: 400; text-align: justify;\">&#8211; Dreptul de a nu fi de acord cu termenii si condi\u021biile enumerate, caz \u00een care utilizatorul va \u00eenceta utilizarea acestui site.<\/p>\n<p style=\"font-weight: 400; text-align: justify;\">&#8211; Dreptul de a fi informat asupra datelor sale de\u021binute de c\u0103tre site.<\/p>\n<p style=\"font-weight: 400; text-align: justify;\">&#8211; Dreptul de a solicita \u0219tergerea sau actualizarea datelor, dac\u0103 ele sunt eronate. Datele care vor trebui p\u0103strate conform legisla\u021biei \u00een vigoare nu vor putea fi \u0219terse.<\/p>\n<p style=\"font-weight: 400; text-align: justify;\">-Dreptul de se opune anumitor prelucr\u0103ri (comunicare comercial\u0103, newsletter etc) sau de retragere a consim\u021b\u0103m\u00e2ntului pentru anumite prelucr\u0103ri.<\/p>\n<p style=\"font-weight: 400; text-align: justify;\">&#8211; Dreptul de a se adresa Autorit\u0103\u021bii Na\u021bionale pentru Protec\u021bia Datelor cu Caracter Personal pentru ap\u0103rarea oric\u0103ror drepturi garantate de legisla\u021bia privind protec\u021bia datelor cu caracter personal care i-au fost \u00eenc\u0103lcate.<\/p>\n<p style=\"font-weight: 400; text-align: justify;\">Pentru exercitarea oric\u0103ruia dintre aceste drepturi utilizatorul trebuie s\u0103 trimit\u0103 o cerere la adresa de e-mail: <a href=\"mailto:evy@psihoexpert.ro\">evy@psihoexpert.ro<\/a><\/p>\n<p>&nbsp;<\/p>\n<h6 style=\"font-weight: 400; text-align: justify;\"><strong style=\"font-size: 1rem;\">VI. COLECTAREA DATELOR<\/strong><\/h6>\n<p style=\"font-weight: 400; text-align: justify;\">&#8211; Utilizatorii\u00a0nu au dreptul de a desf\u0103\u0219ura nicio activitate de colectare a datelor prin intermediul site-ului <a href=\"http:\/\/www.psihoexpert.ro\/\">www.psihoexpert.ro<\/a>. Site-ul\u00a0nu r\u0103spunde pentru actualitatea sau pertinen\u021ba continutului altor site-uri care pot fi accesate prin intermediul s\u0103u.<\/p>\n<p style=\"font-weight: 400; text-align: justify;\">&#8211; La accesarea site-ului serverul \u00eenregistreaz\u0103 automat numele furnizorului dumneavoastr\u0103 de servicii internet \u0219i site-ul de pe care ne vizita\u021bi. Orice alte date personale vor fi memorate numai dac\u0103 sunt oferite voluntar de dumneavoastr\u0103, de exemplu, datele oferite \u00een formularul de contact, datele oferite \u00een chestionarele puse la dispozi\u021bie pe site.<\/p>\n<p style=\"font-weight: 400; text-align: justify;\">&#8211; Orice date transmise c\u0103tre acest site devin proprietatea Titularului \u0219i pot fi utilizate \u00een orice scop dac\u0103 acesta se \u00eencadreaz\u0103 \u00een limitele legii \u0219i pot fi dezv\u0103luite c\u0103tre autorit\u0103\u021bi doar \u00een condi\u021biile legii. Utilizatorul este responsabil pentru respectarea tuturor legilor \u0219i actelor normative care se aplic\u0103 \u00een cazul s\u0103u.<\/p>\n<p style=\"font-weight: 400; text-align: justify;\">&#8211; Datele dumneavoastr\u0103 vor fi tratate \u00een conformitate cu legisla\u021bia actual\u0103 privind Protectia Datelor cu Caracter Personal \u0219i vor fi utilizate de c\u0103tre Titular \u00een scop de analiz\u0103 de marketing precum \u0219i pentru a v\u0103 putea informa despre nout\u0103\u021bile legate de evenimentele \/ cursurile organizate.<\/p>\n<p style=\"font-weight: 400; text-align: justify;\">\n<\/div>\n<p>[\/vc_column_text][\/vc_column][\/vc_row]<\/p>\n","protected":false},"excerpt":{"rendered":"<p>[vc_row el_class=&#8221;contentPadding abtclientsay&#8221;][vc_column el_class=&#8221;customerSayTite&#8221;][vc_empty_space el_class=&#8221;extraMobileSpace&#8221;][vc_column_text el_class=&#8221;customerSayTite&#8221; css=&#8221;.vc_custom_1701783763981{margin-bottom: 100px !important;}&#8221;] I. CONSIDERA\u021aII GENERALE Informa\u0163iile din aceast\u0103 sec\u0163iune se refer\u0103 la Cabinetul individual de psihologie Dehelean Evy Viorica \/PsihoExpert cu referire la website-ul acestuia. Con\u021binutul website-ului www.psihoexpert.ro (\u00een continuare, denumit site) este proprietatea exclusiv\u0103 a Cabinetului individual de psihologie Dehelean Evy Viorica (\u00een continuare, denumit generic Titularul).<\/p>\n","protected":false},"author":3,"featured_media":0,"parent":0,"menu_order":0,"comment_status":"closed","ping_status":"closed","template":"","meta":[],"_links":{"self":[{"href":"https:\/\/psihoexpert.ro\/index.php\/wp-json\/wp\/v2\/pages\/1599"}],"collection":[{"href":"https:\/\/psihoexpert.ro\/index.php\/wp-json\/wp\/v2\/pages"}],"about":[{"href":"https:\/\/psihoexpert.ro\/index.php\/wp-json\/wp\/v2\/types\/page"}],"author":[{"embeddable":true,"href":"https:\/\/psihoexpert.ro\/index.php\/wp-json\/wp\/v2\/users\/3"}],"replies":[{"embeddable":true,"href":"https:\/\/psihoexpert.ro\/index.php\/wp-json\/wp\/v2\/comments?post=1599"}],"version-history":[{"count":4,"href":"https:\/\/psihoexpert.ro\/index.php\/wp-json\/wp\/v2\/pages\/1599\/revisions"}],"predecessor-version":[{"id":1607,"href":"https:\/\/psihoexpert.ro\/index.php\/wp-json\/wp\/v2\/pages\/1599\/revisions\/1607"}],"wp:attachment":[{"href":"https:\/\/psihoexpert.ro\/index.php\/wp-json\/wp\/v2\/media?parent=1599"}],"curies":[{"name":"wp","href":"https:\/\/api.w.org\/{rel}","templated":true}]}}