{"id":514,"date":"2017-06-30T13:10:27","date_gmt":"2017-06-30T13:10:27","guid":{"rendered":"http:\/\/49themes.com\/demos\/psycholoxlst\/?page_id=514"},"modified":"2023-11-15T19:50:50","modified_gmt":"2023-11-15T17:50:50","slug":"felicia-nechita","status":"publish","type":"page","link":"https:\/\/psihoexpert.ro\/index.php\/felicia-nechita\/","title":{"rendered":"Felicia Nechita"},"content":{"rendered":"<p>[vc_row full_width=&#8221;stretch_row_content_no_spaces&#8221;][vc_column el_class=&#8221;xyz&#8221;][vc_column_text]\n\t\t\t<!-- START home4 REVOLUTION SLIDER 6.5.22 --><p class=\"rs-p-wp-fix\"><\/p>\n\t\t\t<rs-module-wrap id=\"rev_slider_4_1_wrapper\" data-source=\"gallery\" style=\"visibility:hidden;background:transparent;padding:0;margin:0px auto;margin-top:0;margin-bottom:0;\">\n\t\t\t\t<rs-module id=\"rev_slider_4_1\" style=\"\" data-version=\"6.5.22\">\n\t\t\t\t\t<rs-slides>\n\t\t\t\t\t\t<rs-slide style=\"position: absolute;\" data-key=\"rs-9\" data-title=\"Slide\" data-in=\"o:0;\" data-out=\"a:false;\">\n\t\t\t\t\t\t\t<img src=\"\/\/psihoexpert.ro\/wp-content\/plugins\/revslider\/public\/assets\/assets\/dummy.png\" alt=\"\" title=\"jbn\" width=\"1920\" height=\"748\" class=\"rev-slidebg tp-rs-img rs-lazyload\" data-lazyload=\"\/\/psihoexpert.ro\/wp-content\/uploads\/2023\/09\/jbn.png\" data-no-retina>\n<!--\n\t\t\t\t\t\t\t--><rs-layer\n\t\t\t\t\t\t\t\tid=\"slider-4-slide-9-layer-1\" \n\t\t\t\t\t\t\t\tdata-type=\"text\"\n\t\t\t\t\t\t\t\tdata-color=\"rgba(255, 255, 255, 1)\"\n\t\t\t\t\t\t\t\tdata-xy=\"x:c;xo:308px,0,7px,-2px;y:m;yo:-87px,-89px,-53px,-84px;\"\n\t\t\t\t\t\t\t\tdata-text=\"w:normal;s:48,48,40,30;l:55,50,45,35;fw:800;a:left,left,left,center;\"\n\t\t\t\t\t\t\t\tdata-dim=\"w:626px,635px,424px,308px;h:112px,101px,201px,auto;\"\n\t\t\t\t\t\t\t\tdata-rsp_o=\"off\"\n\t\t\t\t\t\t\t\tdata-rsp_bd=\"off\"\n\t\t\t\t\t\t\t\tdata-frame_0=\"y:100%;\"\n\t\t\t\t\t\t\t\tdata-frame_1=\"e:power4.inOut;st:360;sp:1000;sR:360;\"\n\t\t\t\t\t\t\t\tdata-frame_999=\"o:0;st:w;sR:7640;\"\n\t\t\t\t\t\t\t\tstyle=\"z-index:5;font-family:'Raleway', 'sans-serif';\"\n\t\t\t\t\t\t\t>F\u0103 cuno\u0219tin\u021b\u0103 cu Felicia, \n\t\t\t\t\t\t\t<\/rs-layer><!--\n\n\t\t\t\t\t\t\t--><rs-layer\n\t\t\t\t\t\t\t\tid=\"slider-4-slide-9-layer-2\" \n\t\t\t\t\t\t\t\tdata-type=\"text\"\n\t\t\t\t\t\t\t\tdata-color=\"rgba(255, 255, 255, 1)\"\n\t\t\t\t\t\t\t\tdata-xy=\"x:c;xo:270px,-41px,-27px,-7px;y:m;yo:-17px,13px,43px,31px;\"\n\t\t\t\t\t\t\t\tdata-text=\"w:normal;s:22,22,22,18;l:30,27,27,24;a:left,left,left,center;\"\n\t\t\t\t\t\t\t\tdata-dim=\"w:549px,549px,348px,294px;h:56px,56px,85px,82px;\"\n\t\t\t\t\t\t\t\tdata-rsp_o=\"off\"\n\t\t\t\t\t\t\t\tdata-rsp_bd=\"off\"\n\t\t\t\t\t\t\t\tdata-frame_0=\"y:100%;\"\n\t\t\t\t\t\t\t\tdata-frame_1=\"e:power4.inOut;st:800;sp:1000;sR:800;\"\n\t\t\t\t\t\t\t\tdata-frame_999=\"o:0;st:w;sR:7200;\"\n\t\t\t\t\t\t\t\tstyle=\"z-index:6;font-family:'Open Sans', 'sans-serif';\"\n\t\t\t\t\t\t\t>Specialistul la care po\u021bi apela online pentru urm\u0103toarele servicii:<br>\n- Psihoterapie online \u2013 copii, adolescen\u021bi \u0219i adul\u021bi<br>\n- Consiliere \u0219i psihoeduca\u021bie pentru femei \u00eens\u0103rcinate \u0219i familii cu copii cu v\u00e2rsta cuprins\u0103 \u00eentre 0-3 ani \n\n \n\t\t\t\t\t\t\t<\/rs-layer><!--\n-->\t\t\t\t\t\t<\/rs-slide>\n\t\t\t\t\t<\/rs-slides>\n\t\t\t\t<\/rs-module>\n\t\t\t\t<script>\n\t\t\t\t\tsetREVStartSize({c: 'rev_slider_4_1',rl:[1240,1024,778,480],el:[648,702,600,400],gw:[1920,1024,778,480],gh:[648,702,600,400],type:'standard',justify:'',layout:'fullwidth',mh:\"400\"});if (window.RS_MODULES!==undefined && window.RS_MODULES.modules!==undefined && window.RS_MODULES.modules[\"revslider41\"]!==undefined) {window.RS_MODULES.modules[\"revslider41\"].once = false;window.revapi4 = undefined;if (window.RS_MODULES.checkMinimal!==undefined) window.RS_MODULES.checkMinimal()}\n\t\t\t\t<\/script>\n\t\t\t<\/rs-module-wrap>\n\t\t\t<!-- END REVOLUTION SLIDER -->\n[\/vc_column_text][\/vc_column][\/vc_row][vc_row][vc_column][vc_column_text]<\/p>\n<div class=\"container\">\n<div class=\"appointWrapper appointWrapper4 applied-pad\">\n<div class=\"row verAlign\">\n<div class=\"col-xs-12 col-sm-8 col-md-9\">\n<div class=\"appoinContent\">\n<div class=\"simple-article light\">\n<div>\n<p><span lang=\"RO\">Felicia Nechita \u2013 psiholog clinician \u0219i psihoterapeut cu formare \u00een psihoterapie cognitiv-comportamental\u0103.<\/span><\/p>\n<\/div>\n<\/div>\n<\/div>\n<div class=\"emptySpace-xs30\"><\/div>\n<\/div>\n<div class=\"col-xs-12 col-sm-4 col-md-3\">\n<div class=\"btnAlign\"><a class=\"button btnStyle3\" href=\"\/index.php\/contact\/\">F\u0103 o programare<\/a><\/div>\n<\/div>\n<\/div>\n<\/div>\n<\/div>\n<p>[\/vc_column_text][\/vc_column][\/vc_row][vc_row el_class=&#8221;welcome3 welcome_sec&#8221;][vc_column][vc_row_inner el_class=&#8221;miaintain-column_at_responsive&#8221;][vc_column_inner el_class=&#8221;miaintain-column_at_responsive&#8221; width=&#8221;1\/2&#8243;][vc_column_text]<\/p>\n<div class=\"contentTitle normall\">\n<h2 class=\"h2 as\">Felicia s-a al\u0103turat proiectului <span class=\"span\">PsihoExpert,<\/span><\/h2>\n<h3 style=\"text-align: justify;\">datorit\u0103 profesionalismului \u0219i dedic\u0103rii cu care ne \u00eemp\u0103rt\u0103\u0219e\u0219te at\u00e2t valorile profesionale, c\u00e2t \u0219i personale.<\/h3>\n<p style=\"text-align: justify;\">Este o pl\u0103cere s\u0103 lucrezi, s\u0103 dezba\u021bi idei, s\u0103 construie\u0219ti proiecte, s\u0103 dezvol\u021bi perspective, s\u0103 ai polemici profesionale \u0219i s\u0103 \u00eendr\u0103zne\u0219ti mai mult al\u0103turi de ea.<\/p>\n<p style=\"font-weight: 400; text-align: justify;\">Cu o experien\u021b\u0103 de peste 10 ani ca psiholog, Felicia a lucrat cu diferite categorii de persoane, v\u00e2rste, statusuri \u0219i nevoi, ajut\u00e2ndu-i s\u0103 \u00ee\u0219i exploreze, \u00een\u021beleag\u0103 \u0219i vindece diferite suferin\u021be emo\u021bionale, s\u0103 \u00ee\u0219i descopere propriile valori, resurse \u0219i cum pot s\u0103 tr\u0103iasc\u0103 o via\u021b\u0103 \u00eemplinit\u0103 \u0219i cu sens. Felicia este o profesionist\u0103 riguroas\u0103, interesat\u0103 de cele mai bune dovezi pentru practica din cabinet, responsabil\u0103 \u0219i atent\u0103 la nevoile pacien\u021bilor, implicat\u0103, cald\u0103, prezent\u0103, deschis\u0103 \u0219i un om al\u0103turi de care vei g\u0103si cele mai bune solu\u021bii pentru problemele cu care te confrun\u021bi.<\/p>\n<\/div>\n<p>[\/vc_column_text][\/vc_column_inner][vc_column_inner el_class=&#8221;del-vc_column_pad miaintain-column_at_responsive&#8221; width=&#8221;1\/2&#8243;][vc_single_image image=&#8221;1326&#8243; img_size=&#8221;500&#215;450&#8243; el_class=&#8221;vedio&#8221;][\/vc_column_inner][\/vc_row_inner][vc_column_text]<\/p>\n<div class=\"row\">\n<div class=\"our_clinic nw-pos\">\n<div class=\"col-md-4\">\n<div class=\"cell-view\">\n<div class=\"block\">\n<div class=\"imgWrapper flatIcon Fdoctor flaticon-social\"><\/div>\n<div class=\"blockContent normall\">\n<h6 class=\"h6 as\"><span lang=\"RO\">Psihoterapie online <\/span><\/h6>\n<div><span lang=\"RO\">copii, adolescen\u021bi \u0219i adul\u021bi<\/span><\/div>\n<\/div>\n<\/div>\n<\/div>\n<\/div>\n<div class=\"col-md-4\">\n<div class=\"cell-view\">\n<div class=\"block\">\n<div class=\"imgWrapper flatIcon Fmedical flaticon-interface\"><\/div>\n<div class=\"blockContent normall\">\n<h6 class=\"h6 as\"><span lang=\"RO\">Consiliere \u0219i psihoeduca\u021bie <\/span><\/h6>\n<div><span lang=\"RO\">femei \u00eens\u0103rcinate \u0219i familii cu copii <\/span><\/div>\n<\/div>\n<\/div>\n<\/div>\n<\/div>\n<div class=\"col-md-4\">\n<div class=\"cell-view\">\n<div class=\"block\">\n<div class=\"imgWrapper flatIcon Fdoctor flaticon-social\"><\/div>\n<div class=\"blockContent normall\">\n<h6 class=\"h6 as\"><a href=\"#\">Peste 10 ani experien\u021b\u0103<\/a><\/h6>\n<div><span lang=\"RO\">Felicia este o profesionist\u0103 riguroas\u0103<\/span><\/div>\n<\/div>\n<\/div>\n<\/div>\n<\/div>\n<\/div>\n<\/div>\n<p>[\/vc_column_text][\/vc_column][\/vc_row][vc_row el_class=&#8221;contentPadding about4&#8243;][vc_column width=&#8221;1\/2&#8243; el_class=&#8221;del-vc_column_pad&#8221;][vc_empty_space el_class=&#8221;extraMobileSpace&#8221;][vc_column_text]<\/p>\n<div class=\"aboutOur\">\n<h2 class=\"h2 as\">10 ani de experien\u021b\u0103<\/h2>\n<p style=\"text-align: justify;\">Felicia ofer\u0103 ajutor copiilor, adolescen\u021bilor \u0219i adul\u021bilor pentru diferite probleme emo\u021bionale \u0219i de s\u0103n\u0103tate mintal\u0103,<\/p>\n<div class=\"emptySpace10\" style=\"text-align: justify;\"><\/div>\n<div class=\"simple-article normall\">\n<p style=\"font-weight: 400; text-align: justify;\"><span style=\"font-size: 1rem;\">\u00een special legate de anxietate, depresie, burnout, rela\u021bii nesatisf\u0103c\u0103toare sau nes\u0103n\u0103toase cu cei din jur. De asemenea, a lucrat \u0219i a \u00eenv\u0103\u021bat la r\u00e2ndul ei foarte mult de la persoane cu afec\u021biuni fizice cronice, suferin\u021be ce \u00ee\u0219i pun amprenta inclusiv asupra bun\u0103st\u0103rii psihologice.\u00a0<\/span><\/p>\n<p style=\"font-weight: 400; text-align: justify;\">Timp de c\u00e2\u021biva ani, Felicia a evaluat numeroase persoane care lucreaz\u0103 sau \u00ee\u0219i doresc s\u0103 lucreze ca personal casnic. Astfel, prin evaluarea unor tr\u0103s\u0103turi de personalitate, a unor puncte tari \u0219i puncte slabe, a orientat aceste persoane c\u0103tre rolul profesional potrivit \u0219i a ajutat numeroase familii s\u0103 \u00ee\u0219i g\u0103seasc\u0103 un ajutor pe care s\u0103 se bazeze.<\/p>\n<p style=\"font-weight: 400; text-align: justify;\">\n<\/div>\n<\/div>\n<p>[\/vc_column_text][\/vc_column][vc_column width=&#8221;1\/2&#8243; el_class=&#8221;about4imgresponsive&#8221;][vc_row_inner][vc_column_inner width=&#8221;1\/2&#8243;][vc_single_image image=&#8221;1330&#8243; img_size=&#8221;full&#8221; el_class=&#8221;imgWrapper img1&#8243;][\/vc_column_inner][vc_column_inner width=&#8221;1\/2&#8243;][vc_single_image image=&#8221;1331&#8243; img_size=&#8221;full&#8221; el_class=&#8221;imgWrapper img2&#8243;][\/vc_column_inner][\/vc_row_inner][\/vc_column][vc_column][vc_column_text]<\/p>\n<p style=\"font-weight: 400; text-align: justify;\">\u00cen ultimii ani interesul s\u0103u profesional s-a \u00eendreptat spre un nou domeniu, unul deosebit de provocator: psihologia dezvolt\u0103rii \u0219i s\u0103n\u0103tatea mintal\u0103 \u00een primii ani de via\u021b\u0103. Motivat\u0103 de propria experien\u021b\u0103 ca mam\u0103, Felicia \u00ee\u0219i dore\u0219te s\u0103 ofere p\u0103rin\u021bilor sau viitorilor p\u0103rin\u021bi \u00eendrumare \u00een perioada sarcinii, \u00een tranzi\u021bia spre rolul de p\u0103rinte \u0219i provoc\u0103rile din primii ani de via\u021b\u0103 ai copiilor lor, dar \u0219i ajutor specializat pentru situa\u021biile \u00een care lucrurile nu merg tocmai bine.<\/p>\n<p style=\"font-weight: 400; text-align: justify;\">Formarea profesional\u0103 \u0219i practica Feliciei se bazeaz\u0103 pe principiile psihoterapiei cognitiv-comportamentale. Pentru a r\u0103spunde c\u00e2t mai bine nevoilor clien\u021bilor \u0219i pentru rezultate c\u00e2t mai bune, integreaz\u0103 \u00een practica ei numeroase elemente \u0219i strategii din alte abord\u0103ri terapeutice: terapia prin acceptare \u0219i angajament, terapia dialectic-comportamental\u0103, terapia schemelor \u0219i practici de mindfulness.<\/p>\n<p>[\/vc_column_text][\/vc_column][\/vc_row][vc_row full_width=&#8221;stretch_row&#8221; el_class=&#8221;appointWrapper&#8221;][vc_column width=&#8221;3\/4&#8243; el_class=&#8221;del-vc_column_pad&#8221;][vc_empty_space height=&#8221;30px&#8221;][vc_column_text]<\/p>\n<div class=\"appoinContent\">\n<div class=\"simple-article light\">\n<p>Po\u021bi lucra al\u0103turi de Felicia, \u00een clinica virtual\u0103.<\/p><\/div>\n<\/div>\n<p>[\/vc_column_text][\/vc_column][vc_column width=&#8221;1\/4&#8243; el_class=&#8221;del-vc_column_pad&#8221;][vc_column_text css_animation=&#8221;none&#8221;]<\/p>\n<div class=\"btnAlign\"><a class=\"button btnStyle3\" href=\"\/index.php\/contact\/\">Programeaz\u0103 o consulta\u021bie online<\/a><\/div>\n<p>[\/vc_column_text][\/vc_column][\/vc_row][vc_row][vc_column css=&#8221;.vc_custom_1696323449453{margin-top: 50px !important;margin-bottom: 100px !important;}&#8221;][vc_column_text]<\/p>\n<div class=\"contentTitle normall\">\n<h2 class=\"h2 as\">Studii <span class=\"span\">\u0219i form\u0103ri<\/span><\/h2>\n<p>&nbsp;<\/p>\n<p>&#8211; Studii de licen\u021b\u0103 \u00een psihologie &#8211; Universitatea Lucian Blaga Sibiu, Facultatea de \u0218tiin\u021be;<\/p>\n<p>&#8211; Masterat \u00een psihologie clinic\u0103 &#8211; Universitatea Bucure\u0219ti, Facultatea de Psihologie \u0219i \u0218tiin\u021be ale Educa\u021biei;<\/p>\n<p>&#8211; Formare complementar\u0103 de lung\u0103 durat\u0103 \u00een terapie cognitiv-comportamental\u0103 &#8211; Asocia\u021bia de Hipnoterapie \u0219i Psihoterapie Cognitiv-Comportamental\u0103;<\/p>\n<p>&#8211; Curs de formare a facilitatorilor atesta\u021bi Circle of Security Parenting<sup>TM<\/sup> \u2013 program de educa\u021bie parental\u0103 \u201eCercul Siguran\u021bei\u201d;<\/p>\n<p>&#8211; Cursuri de formare continu\u0103 la Beck Institute for Cognitive Behavior Therapy:<\/p>\n<p>&#8211; Essentials of CBT &#8211; Aspecte esen\u021biale ale terapiei cognitiv-comportamentale (TCC);<\/p>\n<p>&#8211; CBT for Eating Disorders &#8211; TCC pentru tulbur\u0103ri de alimenta\u021bie;<\/p>\n<p>&#8211; CBT for Perinatal Mood Disorders &#8211; TCC pentru tulbur\u0103ri de dispozi\u021bie \u00een perioada perinatal\u0103;<\/p>\n<p>&#8211; CBT for Perinatal Anxiety &#8211; TCC pentru anxietate perinatal\u0103;<\/p>\n<p>&#8211; Integrating Mindfulness and CBT &#8211; Integrarea TCC \u0219i Mindfulness;<\/p>\n<p>&#8211; Adapting CBT for Telehealth &#8211; Adaptarea TCC \u00een mediul online.<\/p>\n<p>&#8211; Curs de licen\u021biere pentru folosirea platformei PAXonline \u2013 pentru evaluarea \u0219i tratamentul anxiet\u0103\u021bii &#8211; Asocia\u021bia de Consiliere \u0219i Psihoterapie Online din Rom\u00e2nia;<\/p>\n<p>&#8211; Curs de licen\u021biere pentru folosirea platformei DEPRETER \u2013 pentru evaluarea \u0219i tratamentul depresiei \u0219i burnoutului &#8211; Asocia\u021bia de Consiliere \u0219i Psihoterapie Online din Rom\u00e2nia;<\/p>\n<p>&#8211; Curs Dezvoltarea socio-emo\u021bional\u0103 a copiilor &#8211; Asocia\u021bia de \u0218tiin\u021be Cognitive din Rom\u00e2nia;<\/p>\n<p>&#8211; \u201eBabies in Mind\u201d &#8211; Curs online The University of Warwick;<\/p>\n<p>&#8211; Cursuri online Institute of Child Psychology:<\/p>\n<p>&#8211; The Fourth Trimester &#8211; Al patrulea trimestru;<\/p>\n<p>&#8211; Managing Parental Stress &#8211; Gestionarea stresului parental;<\/p>\n<p>&#8211; The power of Play: A key Tool in Fostering Resilience &#8211; Puterea jocului: Un instrument cheie \u00een cultivarea rezilien\u021bei.<\/p>\n<p>&#8211; Alte particip\u0103ri la cursuri, ateliere, conferin\u021be cu diverse teme legate de psihologia clinic\u0103 \u0219i psihoterapie: evaluare psihologic\u0103 clinic\u0103 \u00een contexte diferite, consiliere \u0219i interven\u021bie pentru pacien\u021bii cu afec\u021biuni fizice, aplica\u021bii ale psihoterapiei cognitiv-comportamentale, tehnici terapeutice diverse, cercetare \u00een \u015ftiin\u0163ele sociale etc.<\/p>\n<\/div>\n<p>[\/vc_column_text][\/vc_column][\/vc_row]<\/p>\n","protected":false},"excerpt":{"rendered":"<p>[vc_row full_width=&#8221;stretch_row_content_no_spaces&#8221;][vc_column el_class=&#8221;xyz&#8221;][vc_column_text][\/vc_column_text][\/vc_column][\/vc_row][vc_row][vc_column][vc_column_text] Felicia Nechita \u2013 psiholog clinician \u0219i psihoterapeut cu formare \u00een psihoterapie cognitiv-comportamental\u0103. F\u0103 o programare [\/vc_column_text][\/vc_column][\/vc_row][vc_row el_class=&#8221;welcome3 welcome_sec&#8221;][vc_column][vc_row_inner el_class=&#8221;miaintain-column_at_responsive&#8221;][vc_column_inner el_class=&#8221;miaintain-column_at_responsive&#8221; width=&#8221;1\/2&#8243;][vc_column_text] Felicia s-a al\u0103turat proiectului PsihoExpert, datorit\u0103 profesionalismului \u0219i dedic\u0103rii cu care ne \u00eemp\u0103rt\u0103\u0219e\u0219te at\u00e2t valorile profesionale, c\u00e2t \u0219i personale. Este o pl\u0103cere s\u0103 lucrezi, s\u0103 dezba\u021bi idei, s\u0103 construie\u0219ti proiecte, s\u0103<\/p>\n","protected":false},"author":3,"featured_media":0,"parent":0,"menu_order":0,"comment_status":"closed","ping_status":"closed","template":"","meta":[],"_links":{"self":[{"href":"https:\/\/psihoexpert.ro\/index.php\/wp-json\/wp\/v2\/pages\/514"}],"collection":[{"href":"https:\/\/psihoexpert.ro\/index.php\/wp-json\/wp\/v2\/pages"}],"about":[{"href":"https:\/\/psihoexpert.ro\/index.php\/wp-json\/wp\/v2\/types\/page"}],"author":[{"embeddable":true,"href":"https:\/\/psihoexpert.ro\/index.php\/wp-json\/wp\/v2\/users\/3"}],"replies":[{"embeddable":true,"href":"https:\/\/psihoexpert.ro\/index.php\/wp-json\/wp\/v2\/comments?post=514"}],"version-history":[{"count":15,"href":"https:\/\/psihoexpert.ro\/index.php\/wp-json\/wp\/v2\/pages\/514\/revisions"}],"predecessor-version":[{"id":1565,"href":"https:\/\/psihoexpert.ro\/index.php\/wp-json\/wp\/v2\/pages\/514\/revisions\/1565"}],"wp:attachment":[{"href":"https:\/\/psihoexpert.ro\/index.php\/wp-json\/wp\/v2\/media?parent=514"}],"curies":[{"name":"wp","href":"https:\/\/api.w.org\/{rel}","templated":true}]}}